{"id":199,"date":"2020-02-06T22:58:22","date_gmt":"2020-02-06T21:58:22","guid":{"rendered":"https:\/\/juliagogol.pl\/?page_id=199"},"modified":"2024-08-01T10:39:03","modified_gmt":"2024-08-01T08:39:03","slug":"about-ua","status":"publish","type":"page","link":"https:\/\/juliagogol.pl\/index.php\/about-ua\/","title":{"rendered":"\u041f\u0420\u041e \u041c\u0415\u041d\u0415: \u042e\u043b\u0456\u044f \u0413\u043e\u0433\u043e\u043b\u044c"},"content":{"rendered":"\n<div class=\"wp-block-columns is-layout-flex wp-container-core-columns-is-layout-1 wp-block-columns-is-layout-flex\">\n<div class=\"wp-block-column is-layout-flow wp-block-column-is-layout-flow\" style=\"flex-basis:66.66%\">\n<p>\u0417\u0430 \u043e\u0441\u0432\u0456\u0442\u043e\u044e \u044f \u0456\u0441\u0442\u043e\u0440\u0438\u043a \u0456 \u0434\u0438\u043f\u043b\u043e\u043c\u0430\u0442, \u0430\u043b\u0435 \u043c\u043e\u044f \u0434\u043e\u043b\u044f \u0441\u043a\u043b\u0430\u043b\u0430\u0441\u044c \u0442\u0430\u043a, \u0449\u043e \u0437\u0430\u0439\u043c\u0430\u044e\u0441\u044f \u043f\u0435\u0440\u0435\u043a\u043b\u0430\u0434\u0430\u043c\u0438. \u041c\u0456\u0439 \u043d\u043e\u043c\u0435\u0440 \u0443 \u0441\u043f\u0438\u0441\u043a\u0443 \u043f\u0440\u0438\u0441\u044f\u0436\u043d\u0438\u0445 \u043f\u0435\u0440\u0435\u043a\u043b\u0430\u0434\u0430\u0447\u0456\u0432 \u043f\u0440\u0438 \u041c\u0456\u043d\u0456\u0441\u0442\u0435\u0440\u0441\u0442\u0432\u0456 \u044e\u0441\u0442\u0438\u0446\u0456\u0457 \u0420\u0435\u0441\u043f\u0443\u0431\u043b\u0456\u043a\u0438 \u041f\u043e\u043b\u044c\u0449\u0430 \u2013 TP 11\/19.<\/p>\n\n\n\n<p>\u0421\u0432\u043e\u044e \u043e\u0441\u0432\u0456\u0442\u0443 \u044f \u0437\u0434\u043e\u0431\u0443\u0432\u0430\u043b\u0430 \u0443 \u041b\u044c\u0432\u043e\u0432\u0456 \u2013 \u0432 \u0423\u043a\u0440\u0430\u0457\u043d\u0441\u044c\u043a\u043e\u043c\u0443 \u041a\u0430\u0442\u043e\u043b\u0438\u0446\u044c\u043a\u043e\u043c\u0443 \u0423\u043d\u0456\u0432\u0435\u0440\u0441\u0438\u0442\u0435\u0442\u0456, \u0441\u0442\u0443\u043f\u0456\u043d\u044c \u0431\u0430\u043a\u0430\u043b\u0430\u0432\u0440\u0430, \u0442\u0430 \u0443 \u0412\u0430\u0440\u0448\u0430\u0432\u0456 \u2013 \u0432 Collegium Civitas, \u0434\u0435 \u0432 2009 \u0440\u043e\u0446\u0456 \u043e\u0442\u0440\u0438\u043c\u0430\u043b\u0430 \u0441\u0442\u0443\u043f\u0456\u043d\u044c \u043c\u0430\u0433\u0456\u0441\u0442\u0440\u0430. \u0414\u043e\u0434\u0430\u0442\u043a\u043e\u0432\u043e \u0437\u0430\u043a\u0456\u043d\u0447\u0438\u043b\u0430 \u043f\u0440\u043e\u0433\u0440\u0430\u043c\u0443 \u041c\u0456\u0436\u0434\u0438\u0441\u0446\u0438\u043f\u043b\u0456\u043d\u0430\u0440\u043d\u0438\u0445 \u0456\u043d\u0434\u0438\u0432\u0456\u0434\u0443\u0430\u043b\u044c\u043d\u0438\u0445 \u0433\u0443\u043c\u0430\u043d\u0456\u0442\u0430\u0440\u043d\u0438\u0445 \u0441\u0442\u0443\u0434\u0456\u0439 (\u041c\u0406\u0413\u0423\u0421): \u0441\u0430\u043c\u0435 \u0432 \u0457\u0457 \u0440\u0430\u043c\u043a\u0430\u0445 \u043f\u043e\u0447\u0430\u043b\u0430 \u0432\u0438\u0432\u0447\u0430\u0442\u0438 \u043f\u043e\u043b\u044c\u0441\u044c\u043a\u0443 \u043c\u043e\u0432\u0443 \u0432 \u041b\u044c\u0432\u0456\u0432\u0441\u044c\u043a\u043e\u043c\u0443 \u043d\u0430\u0446\u0456\u043e\u043d\u0430\u043b\u044c\u043d\u043e\u043c\u0443 \u0443\u043d\u0456\u0432\u0435\u0440\u0441\u0438\u0442\u0435\u0442\u0456 \u0456\u043c\u0435\u043d\u0456 \u0406\u0432\u0430\u043d\u0430 \u0424\u0440\u0430\u043d\u043a\u0430.<\/p>\n\n\n\n<p>\u0412\u0436\u0435 15 \u0440\u043e\u043a\u0456\u0432 \u044f \u043f\u0435\u0440\u0435\u043a\u043b\u0430\u0434\u0430\u044e \u0442\u0435\u043a\u0441\u0442\u0438 \u0437 \u043f\u043e\u043b\u044c\u0441\u044c\u043a\u043e\u0457 \u043d\u0430 \u0443\u043a\u0440\u0430\u0457\u043d\u0441\u044c\u043a\u0443 \u0456 \u043d\u0430\u0432\u043f\u0430\u043a\u0438. \u0414\u043e \u0442\u043e\u0433\u043e \u044f \u043f\u0438\u0441\u0430\u043b\u0430&nbsp; \u043c\u0430\u0442\u0435\u0440\u0456\u0430\u043b\u0438 \u043f\u043e\u043b\u044c\u0441\u044c\u043a\u043e\u044e \u043c\u043e\u0432\u043e\u044e \u0434\u043b\u044f \u043f\u043e\u043b\u044c\u0441\u044c\u043a\u0438\u0445 \u0432\u0438\u0434\u0430\u043d\u044c, \u0430 \u0442\u0430\u043a\u043e\u0436 \u043f\u0440\u0430\u0446\u044e\u0432\u0430\u043b\u0430 \u0432 \u043f\u043e\u043b\u044c\u0441\u044c\u043a\u0438\u0445 \u0444\u0456\u0440\u043c\u0430\u0445, \u0434\u0435 \u043f\u0435\u0440\u0435\u043a\u043b\u0430\u0434\u0438 \u0456 \u0442\u043e\u0440\u0433\u0456\u0432\u043b\u044f \u0431\u0443\u043b\u0438 \u0441\u043a\u043b\u0430\u0434\u043e\u0432\u0438\u043c\u0438 \u043c\u043e\u0454\u0457 \u0440\u043e\u0431\u043e\u0442\u0438.<\/p>\n\n\n\n<p>\u0423 2009\u20132010 \u0440\u0440. \u044f \u043f\u0440\u0430\u0446\u044e\u0432\u0430\u043b\u0430 \u0432 \u041f\u043e\u043b\u044c\u0441\u044c\u043a\u043e-\u0443\u043a\u0440\u0430\u0457\u043d\u0441\u044c\u043a\u0456\u0439 \u0433\u043e\u0441\u043f\u043e\u0434\u0430\u0440\u0447\u0456\u0439 \u043f\u0430\u043b\u0430\u0442\u0456. \u042f \u0433\u043e\u0442\u0443\u0432\u0430\u043b\u0430 \u0434\u043e \u0434\u0440\u0443\u043a\u0443 \u0435\u043a\u043e\u043d\u043e\u043c\u0456\u0447\u043d\u0438\u0439 \u0434\u043e\u0434\u0430\u0442\u043e\u043a \u0434\u043e \u0433\u0430\u0437\u0435\u0442\u0438 \u0456 \u043f\u0435\u0440\u0435\u043a\u043b\u0430\u0434\u0430\u043b\u0430 \u0443\u0441\u043d\u043e \u043f\u0456\u0434 \u0447\u0430\u0441 \u0433\u043e\u0441\u043f\u043e\u0434\u0430\u0440\u0441\u044c\u043a\u0438\u0445 \u043c\u0456\u0441\u0456\u0439 \u0432 \u0423\u043a\u0440\u0430\u0457\u043d\u0443.<\/p>\n\n\n\n<p>\u0423 2010\u20132011 \u0440\u0440. \u044f \u043f\u0440\u0430\u0446\u044e\u0432\u0430\u043b\u0430 \u0432 \u0431\u0440\u0438\u0442\u0430\u043d\u0441\u044c\u043a\u0456\u0439 \u0444\u0456\u0440\u043c\u0438 \u00abDeVere\u00bb, \u0434\u0435 \u0437\u0430\u0439\u043c\u0430\u043b\u0430\u0441\u044c \u043e\u0444\u0448\u043e\u0440\u043d\u0438\u043c\u0438 \u0456\u043d\u0432\u0435\u0441\u0442\u0438\u0446\u0456\u044f\u043c\u0438. \u0420\u043e\u0431\u043e\u0442\u0430 \u0432\u0456\u0434\u0431\u0443\u0432\u0430\u043b\u0430\u0441\u044f \u043b\u0438\u0448\u0435 \u0430\u043d\u0433\u043b\u0456\u0439\u0441\u044c\u043a\u043e\u044e \u043c\u043e\u0432\u043e\u044e.<\/p>\n\n\n\n<p>\u0417 2012 \u0434\u043e 2019 \u0440\u043e\u043a\u0443 \u044f \u043f\u0440\u0430\u0446\u044e\u0432\u0430\u043b\u0430 \u0432 \u0444\u0456\u0440\u043c\u0456 \u00abSMYK S.A.\u00bb, \u0434\u0435 \u043e\u0431\u0441\u043b\u0443\u0433\u043e\u0432\u0443\u0432\u0430\u043b\u0430 \u043c\u0456\u0436\u043d\u0430\u0440\u043e\u0434\u043d\u0456 \u043e\u0444\u0456\u0441\u0438 \u0444\u0456\u0440\u043c\u0438, \u0437\u0430\u0439\u043c\u0430\u043b\u0430\u0441\u044c \u0441\u0438\u0441\u0442\u0435\u043c\u043d\u0438\u043c \u043f\u0435\u0440\u0435\u043a\u043b\u0430\u0434\u043e\u043c \u0442\u0430 \u0441\u0435\u0440\u0442\u0438\u0444\u0456\u043a\u0430\u0446\u0456\u0454\u044e \u0442\u043e\u0432\u0430\u0440\u0456\u0432.&nbsp;&nbsp;<\/p>\n\n\n\n<p>\u041e\u043a\u0440\u0456\u043c \u0441\u0442\u0430\u043d\u0434\u0430\u0440\u0442\u043d\u0438\u0445 \u043f\u043e\u0441\u043b\u0443\u0433 \u0437 \u0437\u0430\u0432\u0456\u0440\u0435\u043d\u043e\u0433\u043e \u043f\u0435\u0440\u0435\u043a\u043b\u0430\u0434\u0443 (\u0432\u0441\u0456 \u0432\u0438\u0434\u0438 \u043e\u0444\u0456\u0446\u0456\u0439\u043d\u0438\u0445 \u0434\u043e\u043a\u0443\u043c\u0435\u043d\u0442\u0456\u0432), \u044f \u043e\u0445\u043e\u0447\u0435 \u043f\u0435\u0440\u0435\u043a\u043b\u0430\u0434\u0430\u044e \u0443\u0441\u043d\u043e (\u043f\u043e\u0441\u043b\u0456\u0434\u043e\u0432\u043d\u0438\u0439 \u043f\u0435\u0440\u0435\u043a\u043b\u0430\u0434), \u0437\u043e\u043a\u0440\u0435\u043c\u0430 \u043f\u0456\u0434 \u0447\u0430\u0441 \u0440\u0456\u0437\u043d\u043e\u043c\u0430\u043d\u0456\u0442\u043d\u0438\u0445 \u043f\u0440\u0430\u0432\u043e\u0447\u0438\u043d\u0456\u0432 \u0443 \u043d\u043e\u0442\u0430\u0440\u0456\u0443\u0441\u0430 \u0442\u0430 \u043f\u0456\u0434 \u0447\u0430\u0441 \u043f\u0440\u043e\u0432\u0435\u0434\u0435\u043d\u043d\u044f \u043e\u0444\u0456\u0446\u0456\u0439\u043d\u0438\u0445 \u0437\u0430\u0445\u043e\u0434\u0456\u0432 \u0456 \u0446\u0435\u0440\u0435\u043c\u043e\u043d\u0456\u0439, \u0430 \u0442\u0430\u043a\u043e\u0436 \u043d\u0430 \u0441\u0435\u043c\u0456\u043d\u0430\u0440\u0430\u0445 \u0447\u0438 \u043a\u043e\u043d\u0444\u0435\u0440\u0435\u043d\u0446\u0456\u044f\u0445.&nbsp; \u042f \u0442\u0430\u043a\u043e\u0436 \u043f\u0435\u0440\u0435\u043a\u043b\u0430\u0434\u0430\u044e \u0441\u0438\u043d\u0445\u0440\u043e\u043d\u043d\u043e, \u0432 \u0442\u043e\u043c\u0443 \u0447\u0438\u0441\u043b\u0456 \u043d\u0430 \u0442\u0435\u043b\u0435\u0431\u0430\u0447\u0435\u043d\u043d\u0456. \u042f \u0442\u0430\u043a\u043e\u0436 \u043f\u0435\u0440\u0435\u043a\u043b\u0430\u0434\u0430\u044e \u0432 \u043f\u0430\u0440\u0456 \u0443\u043a\u0440\u0430\u0457\u043d\u0441\u044c\u043a\u0430 \u2013 \u0430\u043d\u0433\u043b\u0456\u0439\u0441\u044c\u043a\u0430 \u043d\u0430 \u0431\u0456\u0437\u043d\u0435\u0441 \u0437\u0443\u0441\u0442\u0440\u0456\u0447\u0430\u0445, \u0441\u0435\u043c\u0456\u043d\u0430\u0440\u0430\u0445, \u043a\u043e\u043d\u0444\u0435\u0440\u0435\u043d\u0446\u0456\u044f\u0445.<\/p>\n\n\n\n<p>\u042f \u043c\u0430\u044e \u043a\u0432\u0430\u043b\u0456\u0444\u0456\u043a\u043e\u0432\u0430\u043d\u0438\u0439 \u0435\u043b\u0435\u043a\u0442\u0440\u043e\u043d\u043d\u0438\u0439 \u043f\u0456\u0434\u043f\u0438\u0441 \u0456 \u043d\u0430\u0434\u0430\u044e \u0437\u0430\u0432\u0456\u0440\u0435\u043d\u0456 \u043f\u0435\u0440\u0435\u043a\u043b\u0430\u0434\u0438, \u043f\u0456\u0434\u043f\u0438\u0441\u0430\u043d\u0456 \u0435\u043b\u0435\u043a\u0442\u0440\u043e\u043d\u043d\u0438\u043c \u043f\u0456\u0434\u043f\u0438\u0441\u043e\u043c, \u0434\u043b\u044f \u0435\u043b\u0435\u043a\u0442\u0440\u043e\u043d\u043d\u043e\u0433\u043e \u043e\u0431\u0456\u0433\u0443 \u0434\u043e\u043a\u0443\u043c\u0435\u043d\u0442\u0456\u0432.&nbsp;<\/p>\n\n\n\n<p>\u0421\u0432\u043e\u044e \u043f\u0435\u0440\u0435\u043a\u043b\u0430\u0434\u0430\u0446\u044c\u043a\u0443 \u0434\u0456\u044f\u043b\u044c\u043d\u0456\u0441\u0442\u044c \u0437\u0434\u0456\u0439\u0441\u043d\u044e\u044e \u0443 \u0412\u0430\u0440\u0448\u0430\u0432\u0456, \u043c\u0430\u044e \u0437\u0430\u0440\u0435\u0454\u0441\u0442\u0440\u043e\u0432\u0430\u043d\u0443 \u043f\u0456\u0434\u043f\u0440\u0438\u0454\u043c\u043d\u0438\u0446\u044c\u043a\u0443 \u0434\u0456\u044f\u043b\u044c\u043d\u0456\u0441\u0442\u044c \u0437 2019 \u0440\u043e\u043a\u0443, \u0442\u043e\u0436 \u0434\u043e \u043a\u043e\u0436\u043d\u043e\u0433\u043e \u0437\u0430\u043c\u043e\u0432\u043b\u0435\u043d\u043d\u044f \u043d\u0430\u0434\u0430\u044e \u0440\u0430\u0445\u0443\u043d\u043e\u043a \u0430\u0431\u043e \u0444\u0430\u043a\u0442\u0443\u0440\u0443.<\/p>\n\n\n\n<div style=\"height:100px\" aria-hidden=\"true\" class=\"wp-block-spacer\"><\/div>\n<\/div>\n\n\n\n<div class=\"wp-block-column is-layout-flow wp-block-column-is-layout-flow\" style=\"flex-basis:33.33%\">\n<figure class=\"wp-block-image size-large is-resized\"><img loading=\"lazy\" decoding=\"async\" width=\"683\" height=\"1024\" src=\"https:\/\/juliagogol.pl\/wp-content\/uploads\/2024\/07\/unnamed-1-683x1024.jpg\" alt=\"\" class=\"wp-image-274\" style=\"width:422px;height:auto\" srcset=\"https:\/\/juliagogol.pl\/wp-content\/uploads\/2024\/07\/unnamed-1-683x1024.jpg 683w, https:\/\/juliagogol.pl\/wp-content\/uploads\/2024\/07\/unnamed-1-200x300.jpg 200w, https:\/\/juliagogol.pl\/wp-content\/uploads\/2024\/07\/unnamed-1-768x1152.jpg 768w, https:\/\/juliagogol.pl\/wp-content\/uploads\/2024\/07\/unnamed-1-1024x1536.jpg 1024w, https:\/\/juliagogol.pl\/wp-content\/uploads\/2024\/07\/unnamed-1-1365x2048.jpg 1365w, https:\/\/juliagogol.pl\/wp-content\/uploads\/2024\/07\/unnamed-1-720x1080.jpg 720w, https:\/\/juliagogol.pl\/wp-content\/uploads\/2024\/07\/unnamed-1-scaled.jpg 1707w\" sizes=\"(max-width: 683px) 100vw, 683px\" \/><\/figure>\n<\/div>\n<\/div>\n\n\n\n<details class=\"wp-block-details is-layout-flow wp-block-details-is-layout-flow\"><summary><strong>\u0421\u0442\u0438\u043f\u0435\u043d\u0434\u0456\u0457<\/strong><\/summary>\n<p>2007-2009 \u2013 \u0412\u0438\u0448\u0435\u0433\u0440\u0430\u0434\u0441\u044c\u043a\u0430 \u0441\u0442\u0438\u043f\u0435\u043d\u0434\u0456\u044f \u043d\u0430 \u043d\u0430\u0432\u0447\u0430\u043d\u043d\u044f \u043d\u0430 \u043c\u0430\u0433\u0456\u0441\u0442\u0440\u0430\u0442\u0443\u0440\u0456 \u0432 Collegium Civitas (Warszawa)<\/p>\n<\/details>\n\n\n\n<div style=\"height:34px\" aria-hidden=\"true\" class=\"wp-block-spacer\"><\/div>\n\n\n\n<details class=\"wp-block-details is-layout-flow wp-block-details-is-layout-flow\"><summary><strong>\u041d\u0430\u0443\u043a\u043e\u0432\u0456 \u041f\u0443\u0431\u043b\u0456\u043a\u0430\u0446\u0456\u0457<\/strong><\/summary>\n<p><a href=\"http:\/\/ekmair.ukma.edu.ua\/bitstream\/handle\/123456789\/4743\/Hohol_rol_relihii_v_protsesi_formuvannia.pdf?sequence=1&amp;isAllowed=y\" data-type=\"link\" data-id=\"http:\/\/ekmair.ukma.edu.ua\/bitstream\/handle\/123456789\/4743\/Hohol_rol_relihii_v_protsesi_formuvannia.pdf?sequence=1&amp;isAllowed=y\">\u0420\u043e\u043b\u044c \u0440\u0435\u043b\u0456\u0433\u0456\u0457 \u0432 \u043f\u0440\u043e\u0446\u0435\u0441\u0456 \u0444\u043e\u0440\u043c\u0443\u0432\u0430\u043d\u043d\u044f \u0456\u0434\u0435\u043d\u0442\u0438\u0447\u043d\u043e\u0441\u0442\u0456 | \u0414\u0443\u0445 \u0456 \u043b\u0456\u0442\u0435\u0440\u0430 \u2116 23 (2011)<\/a><\/p>\n\n\n\n<p>Das Echo des &#8220;Prager Fr\u00fchlings&#8221; in der Westukraine&nbsp;| Prager Fr\u00fchling. Das internationale Krisenjahr 1968. Bd.1: Beitr\u00e4ge K\u00f6ln, B\u00f6hlau, 2008<\/p>\n\n\n\n<p><a href=\"https:\/\/www.gedaechtnisbuch.org\/wp-content\/uploads\/2015\/08\/katschmar_kusmar.pdf\" data-type=\"link\" data-id=\"https:\/\/www.gedaechtnisbuch.org\/wp-content\/uploads\/2015\/08\/katschmar_kusmar.pdf\">\u041a\u043d\u0438\u0433\u0430 \u043f\u0430\u043c\u2019\u044f\u0442\u0456 \u0432\u2019\u044f\u0437\u043d\u0456\u0432 \u043a\u043e\u043d\u0446\u0435\u043d\u0442\u0440\u0430\u0446\u0456\u0439\u043d\u043e\u0433\u043e \u0442\u0430\u0431\u043e\u0440\u0443 \u0414\u0430\u0445\u0430\u0443 | \u041a\u0443\u0437\u044c\u043c\u0430 \u041a\u0430\u0447\u043c\u0430\u0440 | \u041c\u0443\u0437\u0435\u0439 \u0432 \u0414\u0430\u0445\u0430\u0443 \/ Muzeum Dachau 2007<\/a><\/p>\n\n\n\n<p>Contemporary Discourse on Anti-Semitism in Poland&nbsp;| by Dariusz Dybka (PL), Yulia Gogol (U), Andrew Maki (US)&nbsp;| Humanity in Action 2006<\/p>\n\n\n\n<p><a href=\"https:\/\/homepage.univie.ac.at\/philipp.ther\/breslau\/html\/juedischeGemeinde.html\" data-type=\"link\" data-id=\"https:\/\/homepage.univie.ac.at\/philipp.ther\/breslau\/html\/juedischeGemeinde.html\">Eine gro\u00dfe Tradition ohne Kontinuit\u00e4t. Die j\u00fcdische Gemeinde in Breslau seit 1945<br><em>von Julia Gogol, Lutz Henke, Sebastian Hoffmann, Izabela Kazejak und Agata S\u0119czek&nbsp;<\/em> | ATUT Wroclaw 2005<\/a><\/p>\n<\/details>\n\n\n\n<div style=\"height:34px\" aria-hidden=\"true\" class=\"wp-block-spacer\"><\/div>\n\n\n\n<details class=\"wp-block-details is-layout-flow wp-block-details-is-layout-flow\"><summary><strong>\u041d\u0430\u0433\u043e\u0440\u043e\u0434\u0438<\/strong><\/summary>\n<p><strong>2014<\/strong> Barney A. Karbank Award&nbsp; \u2013  \u043d\u0430\u0433\u043e\u0440\u043e\u0434\u0430 \u0437\u0430 \u0443\u0447\u0430\u0441\u0442\u044c \u0432 \u0431\u043e\u0440\u043e\u0442\u044c\u0431\u0456 \u0437\u0430 \u043f\u0440\u0430\u0432\u0430 \u043b\u044e\u0434\u0438\u043d\u0438<\/p>\n\n\n\n<p><strong>2011 <\/strong> \u0432\u0456\u0434\u0437\u043d\u0430\u043a\u0430 \u0437\u0430 \u043d\u0430\u0439\u043a\u0440\u0430\u0449\u0443 \u043c\u0430\u0433\u0456\u0441\u0442\u0435\u0440\u0441\u044c\u043a\u0443 \u0440\u043e\u0431\u043e\u0442\u0443 \u0432 \u041a\u043e\u043d\u043a\u0443\u0440\u0441\u0456 \u0456\u043c\u0435\u043d\u0456 \u0404\u0436\u0438 \u0490\u0454\u0434\u0440\u043e\u0439\u0446\u044f.&nbsp;<\/p>\n\n\n\n<p><strong>2003<\/strong> \u0422\u0440\u0435\u0442\u044f \u043d\u0430\u0433\u043e\u0440\u043e\u0434\u0430 \u0432 \u043b\u0456\u0442\u0435\u0440\u0430\u0442\u0443\u0440\u043d\u043e\u043c\u0443 \u043a\u043e\u043d\u043a\u0443\u0440\u0441\u0456 \u0420\u0443\u043a\u043e\u043c\u0435\u0441\u043b\u043e \u0432 \u043d\u043e\u043c\u0456\u043d\u0430\u0446\u0456\u0457 \u2013 \u043f\u0440\u043e\u0437\u0430.<\/p>\n<\/details>\n\n\n\n<div style=\"height:34px\" aria-hidden=\"true\" class=\"wp-block-spacer\"><\/div>\n\n\n\n<details class=\"wp-block-details is-layout-flow wp-block-details-is-layout-flow\"><summary><strong>\u041f\u0435\u0440\u0435\u043a\u043b\u0430\u0434\u0435\u043d\u0456 \u043a\u043d\u0438\u0436\u043a\u0438 \u043d\u0430 \u0443\u043a\u0440\u0430\u0457\u043d\u0441\u044c\u043a\u0443 \u043c\u043e\u0432\u0443<\/strong><\/summary>\n<p>\u041f\u043e\u0434\u0456\u043b\u044c\u0441\u044c\u043a\u0456 \u043f\u0438\u0441\u0430\u043d\u043a\u0438 | \u0406\u0441\u0442\u043e\u0440\u0456\u044f \u0430\u043b\u044c\u0431\u043e\u043c\u0443 \u0437 \u043a\u043e\u043b\u0435\u043a\u0446\u0456\u0457&nbsp; \u0440\u043e\u0434\u0438\u043d\u0438 \u0411\u0435\u043b\u0456\u043d\u0430-\u0411\u0436\u043e\u0437\u043e\u0432\u0441\u044c\u043a\u0438\u0445 \u2026 \u0430\u0431\u043e \u044f\u043a \u0432 \u041f\u043e\u043f\u0435\u043b\u044e\u0445\u0430\u0445 \u043c\u0430\u043b\u044e\u0432\u0430\u043b\u0438 \u043f\u0438\u0441\u0430\u043d\u043a\u0438 | Warszawa 2012<\/p>\n<\/details>\n\n\n\n<div style=\"height:100px\" aria-hidden=\"true\" class=\"wp-block-spacer\"><\/div>\n\n\n\n<div class=\"wp-block-button is-style-fill\"><a class=\"wp-block-button__link has-vivid-cyan-blue-background-color has-background wp-element-button\" href=\"https:\/\/juliagogol.pl\/index.php\/ua\/\" style=\"border-radius:13px\">\u0412\u0435\u0440\u043d\u0443\u0442\u0438\u0441\u044c <\/a><\/div>\n","protected":false},"excerpt":{"rendered":"<p>\u0417\u0430 \u043e\u0441\u0432\u0456\u0442\u043e\u044e \u044f \u0456\u0441\u0442\u043e\u0440\u0438\u043a \u0456 \u0434\u0438\u043f\u043b\u043e\u043c\u0430\u0442, \u0430\u043b\u0435 \u043c\u043e\u044f \u0434\u043e\u043b\u044f \u0441\u043a\u043b\u0430\u043b\u0430\u0441\u044c \u0442\u0430\u043a, \u0449\u043e \u0437\u0430\u0439\u043c\u0430\u044e\u0441\u044f \u043f\u0435\u0440\u0435\u043a\u043b\u0430\u0434\u0430\u043c\u0438. \u041c\u0456\u0439 \u043d\u043e\u043c\u0435\u0440 \u0443 \u0441\u043f\u0438\u0441\u043a\u0443 \u043f\u0440\u0438\u0441\u044f\u0436\u043d\u0438\u0445 \u043f\u0435\u0440\u0435\u043a\u043b\u0430\u0434\u0430\u0447\u0456\u0432 \u043f\u0440\u0438 \u041c\u0456\u043d\u0456\u0441\u0442\u0435\u0440\u0441\u0442\u0432\u0456 \u044e\u0441\u0442\u0438\u0446\u0456\u0457 \u0420\u0435\u0441\u043f\u0443\u0431\u043b\u0456\u043a\u0438 \u041f\u043e\u043b\u044c\u0449\u0430 \u2013 TP 11\/19. \u0421\u0432\u043e\u044e \u043e\u0441\u0432\u0456\u0442\u0443 \u044f \u0437\u0434\u043e\u0431\u0443\u0432\u0430\u043b\u0430 \u0443 \u041b\u044c\u0432\u043e\u0432\u0456 \u2013 \u0432 \u0423\u043a\u0440\u0430\u0457\u043d\u0441\u044c\u043a\u043e\u043c\u0443 \u041a\u0430\u0442\u043e\u043b\u0438\u0446\u044c\u043a\u043e\u043c\u0443 \u0423\u043d\u0456\u0432\u0435\u0440\u0441\u0438\u0442\u0435\u0442\u0456, \u0441\u0442\u0443\u043f\u0456\u043d\u044c \u0431\u0430\u043a\u0430\u043b\u0430\u0432\u0440\u0430, \u0442\u0430 \u0443 \u0412\u0430\u0440\u0448\u0430\u0432\u0456 \u2013 \u0432 Collegium Civitas, \u0434\u0435 \u0432 2009 \u0440\u043e\u0446\u0456 \u043e\u0442\u0440\u0438\u043c\u0430\u043b\u0430 \u0441\u0442\u0443\u043f\u0456\u043d\u044c \u043c\u0430\u0433\u0456\u0441\u0442\u0440\u0430.&hellip; <br \/> <a class=\"read-more\" href=\"https:\/\/juliagogol.pl\/index.php\/about-ua\/\">Read more<\/a><\/p>\n","protected":false},"author":1,"featured_media":0,"parent":0,"menu_order":0,"comment_status":"closed","ping_status":"closed","template":"","meta":{"footnotes":""},"class_list":["post-199","page","type-page","status-publish","hentry"],"_links":{"self":[{"href":"https:\/\/juliagogol.pl\/index.php\/wp-json\/wp\/v2\/pages\/199"}],"collection":[{"href":"https:\/\/juliagogol.pl\/index.php\/wp-json\/wp\/v2\/pages"}],"about":[{"href":"https:\/\/juliagogol.pl\/index.php\/wp-json\/wp\/v2\/types\/page"}],"author":[{"embeddable":true,"href":"https:\/\/juliagogol.pl\/index.php\/wp-json\/wp\/v2\/users\/1"}],"replies":[{"embeddable":true,"href":"https:\/\/juliagogol.pl\/index.php\/wp-json\/wp\/v2\/comments?post=199"}],"version-history":[{"count":10,"href":"https:\/\/juliagogol.pl\/index.php\/wp-json\/wp\/v2\/pages\/199\/revisions"}],"predecessor-version":[{"id":293,"href":"https:\/\/juliagogol.pl\/index.php\/wp-json\/wp\/v2\/pages\/199\/revisions\/293"}],"wp:attachment":[{"href":"https:\/\/juliagogol.pl\/index.php\/wp-json\/wp\/v2\/media?parent=199"}],"curies":[{"name":"wp","href":"https:\/\/api.w.org\/{rel}","templated":true}]}}