{"id":6,"date":"2019-12-08T13:57:52","date_gmt":"2019-12-08T12:57:52","guid":{"rendered":"http:\/\/serwer1950225.home.pl\/index.php\/mesmerize\/"},"modified":"2024-08-01T13:16:52","modified_gmt":"2024-08-01T11:16:52","slug":"mesmerize","status":"publish","type":"page","link":"https:\/\/juliagogol.pl\/","title":{"rendered":"Front Page"},"content":{"rendered":"<div  id=\"overlappable-4\" style=\"background-color: #ffffff;\" data-label=\"Overlappable\" data-id=\"overlappable-4\" data-export-id=\"overlappable-4\" data-category=\"overlappable\" class=\"overlappable-4 content-section content-section-spacing\" data-overlap=\"true\"><div  class=\"gridContainer\"> <div  data-type=\"row\" class=\"row spaced-cols text-center center-sm\"> <div  class=\"col-xs-12 col-sm-4 col-padding col-md-6 \"> <i  class=\"fa icon shadow-large-black aligncenter color1 fa-file-word-o reverse round large\"><\/i> <div  data-type=\"column\" class=\"\"><h5  class=\"\">T\u0141UMACZENIE PISEMNE<\/h5> <p  class=\"\">t\u0142umaczenie pisemne r\u00f3\u017cnego rodzaju dokument\u00f3w<br >(akty urodzenia, dyplomy, dokumenty s\u0105dowe)<\/p><div  class=\"\"><\/div><\/div> <\/div> <div  class=\"col-xs-12 col-sm-4 col-padding col-md-6 \"> <i  class=\"fa icon shadow-large-black aligncenter color1 fa-comments-o reverse round large\"><\/i> <div  data-type=\"column\" class=\"\"><h5  class=\"\">T\u0141UMACZENIA USTNE<\/h5> <p  class=\"\">Jestem z powo\u0142ania t\u0142umaczem ustnym. T\u0142umacz\u0119 ustne pod czas rozm\u00f3w biznesowych, na egzaminach i rozmowach kwalifikacyjnych \r\n<br >(te\u017c w urz\u0119dach), w s\u0105dach, w urz\u0119dach stanu cywilnego,<br >u notariusza ale r\u00f3wnie\u017c symultanicznie (na \u017cywo).<\/p><\/div> <\/div><div  class=\"col-xs-12 col-sm-4 col-padding col-md-6 \"> <i  class=\"fa icon shadow-large-black aligncenter color1 fa-check reverse round large\"><\/i> <div  data-type=\"column\" class=\"\"> <h5  class=\"\">T\u0141UMACZENIE PO\u015aWIADCZONE \r\n<br >Z PODPISEM ELEKTRONICZNYM<\/h5> <p  class=\"\">Ustawa o t\u0142umaczach przysi\u0119g\u0142ych pozwala na podpisywanie t\u0142umacze\u0144 podpisem elektronicznym. Takie t\u0142umaczenie mo\u017ce wys\u0142a\u0107 do urz\u0119du, szko\u0142y czy do pracodawcy poczt\u0105 elektroniczn\u0105 czy poprzez profil zaufany. Nie musisz jecha\u0107 osobi\u015bcie! Wykonuj\u0119 takie t\u0142umaczenia, nale\u017cy wys\u0142a\u0107 do mnie dobry skan, kt\u00f3ry b\u0119dzie za\u0142\u0105czony dl pliku t\u0142umaczenia. Jest to jednak t\u0142umaczenie za zgodno\u015b\u0107 z kopi\u0105 dokumentu, warto o tym pami\u0119ta\u0107.<\/p><\/div> <\/div><div  class=\"col-xs-12 col-sm-4 col-padding col-md-6 \"> <i  class=\"fa icon shadow-large-black aligncenter color1 fa-check-square-o reverse round large\"><\/i> <div  data-type=\"column\" class=\"\"> <h5  class=\"\">T\u0141UMACZENIA PO\u015aWIADCZONE \u2013 J\u0118ZYK W\u0141OSKI<\/h5> <p  class=\"\">\u015aci\u015ble wsp\u00f3\u0142pracuj\u0119 z t\u0142umaczem przysi\u0119g\u0142ym j\u0119zyka w\u0142oskiego, mo\u017cna u mnie zam\u00f3wi\u0107 t\u0142umaczenie po\u015bwiadczone z  i na j\u0119zyk w\u0142oski, z kr\u00f3tkim terminem realizacji. Mo\u017cemy te\u017c wykona\u0107 zlecenie w kombinacji ukrai\u0144ski \u2013 polski \u2013 w\u0142oski lub odwrotnie. Oferujemy r\u00f3wnie\u017c konsekutywne t\u0142umaczenie w kombinacjach polski \u2013 ukrai\u0144ski \u2013 w\u0142oski.<\/p><\/div> <\/div><div  class=\"col-xs-12 col-sm-4 col-padding col-md-6 \"> <i  class=\"fa icon shadow-large-black aligncenter color1 fa-user-plus reverse round large\"><\/i> <div  data-type=\"column\" class=\"\"> <h5  class=\"\">T\u0141UMACZENIE W PARZE J\u0118ZYKOWEJ \r\n<br >UKRAI\u0143SKI \u2013 ANGIELSKI<\/h5> <p  class=\"\">T\u0142umacz\u0119 konsekutywnie i symultanicznie w parze j\u0119zykowej ukrai\u0144ski \u2013 angielski na konferencjach, szkoleniach czy spotkaniach biznesowych.<\/p><\/div> <\/div><\/div> <\/div><\/div><div  data-label=\"About\" data-id=\"about--1\" data-export-id=\"about-10\" data-category=\"about\" class=\"about-10 content-section content-section-spacing\" id=\"about-1\" style=\"background-color: rgb(245, 250, 253); background-image: none;\"><div  class=\"gridContainer\"> <div  class=\"row middle-sm text-center\"><div  class=\"col-sm-5 space-bottom-xs content-column content-left-sm\" data-type=\"column\"> <h5  class=\"\">O mnie<\/h5> <h2  class=\"\">Julia Gogol<\/h2> <p  class=\"\">Z wykszta\u0142cenia jestem historykiem i dyplomat\u0105, ale m\u00f3j los sprawi\u0142, i\u017c zajmuj\u0119 si\u0119 t\u0142umaczeniami. Jestem wpisana na list\u0119 t\u0142umaczy przysi\u0119g\u0142ych przy Ministerstwie Sprawiedliwo\u015bci RP pod numerem TP 11\/19.\r\n<br ><br >Studiowa\u0142am we Lwowie na Ukrai\u0144skim Uniwersytecie Katolickim oraz na uczelni wy\u017cszej w Warszawie \u2013 Collegium Civitas, gdzie w 2009 roku zdoby\u0142am tytu\u0142 magistra. Dodatkowo odby\u0142am<br >program Mi\u0119dzykierunkowe Indywidualne Studia Humanistyczne, gdzie w\u0142a\u015bnie zacz\u0119\u0142am studiowa\u0107<br >j\u0119zyk polski na Lwowskim Uniwersytecie Narodowym im. Iwana Franki.\r\n<br ><br >Od 15 lat t\u0142umacz\u0119 w parze polski-ukrai\u0144ski. Pisa\u0142am w\u00f3wczas te\u017c do polskich czasopism. R\u00f3wnie\u017c pracowa\u0142am w polskich firmach, gdzie t\u0142umaczenia i handel by\u0142y cz\u0119\u015bci\u0105 mojej pracy.<\/p> <a class=\"button blue\" href=\"https:\/\/juliagogol.pl\/index.php\/about-pl\" target=\"_self\" data-cp-link=\"1\" rel=\"noopener noreferrer\">Wi\u0119cej<\/a><\/div> <div  class=\"col-sm-7 flexbox middle-xs center-xs space-bottom-xs\"><div  class=\"overlay-box middle-xs center-xs flexbox\"> <div  class=\"overlay-box-offset shadow-medium border-color1 offset-background hide-xs\"><\/div> <a data-cp-link=\"1\" href=\"#\" target=\"_self\" rel=\"noopener\"><img  decoding=\"async\" class=\"shadow-large\" data-size=\"485x705\" src=\"https:\/\/juliagogol.pl\/wp-content\/uploads\/2024\/07\/cropped-01E9783_resize.jpg\" alt=\"\" title=\"cropped-photo-Julia_resize-2.jpg\"><\/a><\/div> <\/div><\/div> <\/div><\/div><div  id=\"team-2\" style=\"background-color: #ffffff;\" data-label=\"Team\" data-id=\"team-2\" data-export-id=\"team-2\" data-category=\"team\" class=\"team-2 content-section content-section-spacing\"><div  class=\"gridContainer\"> <div  class=\"row text-center\"><div  class=\"section-title-col\" data-type=\"column\"> <h2  class=\"\">Zesp\u00f3\u0142<\/h2> <p  class=\"lead\"><\/p><\/div> <\/div> <div  class=\"row spaced-cols content-center-sm center-sm\" data-type=\"row\"> <div  class=\"col-sm-6 col-md-3\"> <div  class=\"card y-move no-padding bordered\"> <img  decoding=\"async\" class=\"face\" src=\"https:\/\/juliagogol.pl\/wp-content\/uploads\/2024\/07\/cropped-unnamed-1-scaled-1.jpg\" alt=\"\" title=\"unnamed (1)\"> <div  data-type=\"column\" class=\"col-padding-small col-padding-small-xs description-container\"> <h4  class=\"font-500\">Julia Gogol<\/h4> <p  class=\"small\" style=\"font-style: italic;\">T\u0142umacz przysi\u0119g\u0142y\r\n<br >j\u0119zyka ukrai\u0144skiego<\/p> <div  class=\"social-icons-group\" data-type=\"group\"> <a  href=\"#\"><i  class=\"gray fa icon fa-facebook-square small\"><\/i><\/a> <a  href=\"#\"><i  class=\"gray fa icon fa-twitter-square small\"><\/i><\/a> <a  href=\"#\"><i  class=\"gray fa icon fa-linkedin-square small\"><\/i><\/a> <a  href=\"#\"><i  class=\"gray fa icon fa-google-plus-square small\"><\/i><\/a><\/div> <\/div><\/div> <\/div> <div  class=\"col-sm-6 col-md-3\"> <div  class=\"card y-move no-padding bordered\"> <img  decoding=\"async\" class=\"face\" src=\"https:\/\/juliagogol.pl\/wp-content\/uploads\/2019\/12\/cropped-1291593_10152859206306874_3620720931504522556_o-1.jpg\" alt=\"\" title=\"cropped-1291593_10152859206306874_3620720931504522556_o-1.jpg\"> <div  data-type=\"column\" class=\"col-padding-small col-padding-small-xs description-container\"> <h4  class=\"font-500\">Rafa\u0142 Dawid Fleszar<\/h4> <p  class=\"small\" style=\"font-style: italic;\">T\u0142umacz przysi\u0119g\u0142y <br >j\u0119zyka w\u0142oskiego<\/p> <div  class=\"social-icons-group\" data-type=\"group\"> <a  href=\"#\"><i  class=\"gray fa icon fa-facebook-square small\"><\/i><\/a> <a  href=\"#\"><i  class=\"gray fa icon fa-twitter-square small\"><\/i><\/a> <a  href=\"#\"><i  class=\"gray fa icon fa-linkedin-square small\"><\/i><\/a> <a  href=\"#\"><i  class=\"gray fa icon fa-google-plus-square small\"><\/i><\/a><\/div> <\/div><\/div> <\/div>      <\/div> <\/div><\/div><div  id=\"contact-1\" data-label=\"Contact\" data-id=\"contact-1\" data-export-id=\"contact-1\" data-category=\"contact\" class=\"contact-1 content-section content-section-spacing white-text\" data-parallax-depth=\"20\" style=\"background-image: url(&quot;https:\/\/juliagogol.pl\/wp-content\/uploads\/2024\/07\/01E9674-scaled.jpg&quot;); background-size: cover; background-position: center top;\"><div  class=\"gridContainer\"> <div  class=\"row text-center\"><div  class=\"section-title-col\" data-type=\"column\"> <h2  class=\"\">Skontaktuj si\u0119 z nami<\/h2> <p  class=\"lead\">Skorzystaj z formularza poni\u017cej, aby otrzyma\u0107 indywidualn\u0105 wycen\u0119 dla swojego dokumentu.<\/p><\/div> <\/div> <div  class=\"row text-center\"> <div  class=\"col-xs-12 col-sm-8 col-sm-offset-2 contact-form-wrapper\"> <div  class=\"card large-padding\"> <div  class=\"\" data-content-shortcode=\"mesmerize_contact_form shortcode=&quot;contact-form-7 id=&amp;amp;quot;232&amp;amp;quot; title=&amp;amp;quot;Formularz PL_1&amp;amp;quot;&quot;\" data-editable=\"true\">\n<div class=\"wpcf7 no-js\" id=\"wpcf7-f236-o1\" lang=\"pl-PL\" dir=\"ltr\">\n<div class=\"screen-reader-response\"><p role=\"status\" aria-live=\"polite\" aria-atomic=\"true\"><\/p> <ul><\/ul><\/div>\n<form action=\"\/index.php\/wp-json\/wp\/v2\/pages\/6#wpcf7-f236-o1\" method=\"post\" class=\"wpcf7-form init\" aria-label=\"Formularz kontaktowy\" enctype=\"multipart\/form-data\" novalidate=\"novalidate\" data-status=\"init\">\n<div style=\"display: none;\">\n<input type=\"hidden\" name=\"_wpcf7\" value=\"236\" \/>\n<input type=\"hidden\" name=\"_wpcf7_version\" value=\"5.9.8\" \/>\n<input type=\"hidden\" name=\"_wpcf7_locale\" value=\"pl_PL\" \/>\n<input type=\"hidden\" name=\"_wpcf7_unit_tag\" value=\"wpcf7-f236-o1\" \/>\n<input type=\"hidden\" name=\"_wpcf7_container_post\" value=\"0\" \/>\n<input type=\"hidden\" name=\"_wpcf7_posted_data_hash\" value=\"\" \/>\n<input type=\"hidden\" name=\"_wpcf7_recaptcha_response\" value=\"\" \/>\n<\/div>\n<p><label> Imi\u0119 Nazwisko (wymagane)<br \/>\n<span class=\"wpcf7-form-control-wrap\" data-name=\"your-name\"><input size=\"40\" maxlength=\"400\" class=\"wpcf7-form-control wpcf7-text wpcf7-validates-as-required\" aria-required=\"true\" aria-invalid=\"false\" value=\"\" type=\"text\" name=\"your-name\" \/><\/span> <\/label>\n<\/p>\n<p><label> Numer kontaktowy<br \/>\n<span class=\"wpcf7-form-control-wrap\" data-name=\"tel-872\"><input size=\"40\" maxlength=\"400\" class=\"wpcf7-form-control wpcf7-tel wpcf7-text wpcf7-validates-as-tel\" aria-invalid=\"false\" value=\"+48\" type=\"tel\" name=\"tel-872\" \/><\/span><\/label>\n<\/p>\n<p><label> Poczta elektroniczna (wymagane)<br \/>\n<span class=\"wpcf7-form-control-wrap\" data-name=\"your-email\"><input size=\"40\" maxlength=\"400\" class=\"wpcf7-form-control wpcf7-email wpcf7-validates-as-required wpcf7-text wpcf7-validates-as-email\" aria-required=\"true\" aria-invalid=\"false\" value=\"\" type=\"email\" name=\"your-email\" \/><\/span> <\/label>\n<\/p>\n<p><label> Tytu\u0142 maila<br \/>\n<span class=\"wpcf7-form-control-wrap\" data-name=\"your-subject\"><input size=\"40\" maxlength=\"400\" class=\"wpcf7-form-control wpcf7-text wpcf7-validates-as-required\" aria-required=\"true\" aria-invalid=\"false\" value=\"\" type=\"text\" name=\"your-subject\" \/><\/span> <\/label>\n<\/p>\n<p><label> Tre\u015b\u0107 wiadomo\u015bci<br \/>\n<span class=\"wpcf7-form-control-wrap\" data-name=\"your-message\"><textarea cols=\"40\" rows=\"10\" maxlength=\"2000\" class=\"wpcf7-form-control wpcf7-textarea\" aria-invalid=\"false\" name=\"your-message\"><\/textarea><\/span> <\/label>\n<\/p>\n<p><label> Wybierz plik do t\u0142umaczenia<br \/>\n<span class=\"wpcf7-form-control-wrap\" data-name=\"Wylijzalcznik\"><input size=\"40\" class=\"wpcf7-form-control wpcf7-file\" accept=\"audio\/*,video\/*,image\/*\" aria-invalid=\"false\" type=\"file\" name=\"Wylijzalcznik\" \/><\/span><br \/>\n<span class=\"wpcf7-form-control-wrap\" data-name=\"acceptance-471\"><span class=\"wpcf7-form-control wpcf7-acceptance optional\"><span class=\"wpcf7-list-item\"><label><input type=\"checkbox\" name=\"acceptance-471\" value=\"1\" aria-invalid=\"false\" \/><span class=\"wpcf7-list-item-label\">Wyra\u017cam zgod\u0119 na przetwarzanie moich danych osobowych<\/span><\/label><\/span><\/span><\/span><br \/>\n<input class=\"wpcf7-form-control wpcf7-submit has-spinner\" type=\"submit\" value=\"Wy\u015blij\" \/><\/label>\n<\/p><p style=\"display: none !important;\" class=\"akismet-fields-container\" data-prefix=\"_wpcf7_ak_\"><label>&#916;<textarea name=\"_wpcf7_ak_hp_textarea\" cols=\"45\" rows=\"8\" maxlength=\"100\"><\/textarea><\/label><input type=\"hidden\" id=\"ak_js_1\" name=\"_wpcf7_ak_js\" value=\"10\"\/><script>document.getElementById( \"ak_js_1\" ).setAttribute( \"value\", ( new Date() ).getTime() );<\/script><\/p><div class=\"wpcf7-response-output\" aria-hidden=\"true\"><\/div>\n<\/form>\n<\/div>\n<\/div><\/div> <\/div><\/div> <\/div><\/div><div  data-label=\"Content\" data-id=\"content--1\" data-export-id=\"content-3\" data-category=\"content\" class=\"content-3 content-section content-section-spacing\" id=\"content-1\" style=\"background-color: rgb(245, 250, 253);\"><div > <div  class=\"row middle-xs\"><div  class=\"col-sm-7 full-col-left-padding full-col-right-padding\"> <div  class=\"row\"><div  data-type=\"column\" class=\"space-bottom-small content-title-col\"> <h5  class=\"\">KONTAKT<\/h5>  <p  class=\"\">Skontaktuj si\u0119 z nami, je\u017celi masz pytania<\/p><\/div> <\/div> <div  class=\"row spaced-cols\" data-type=\"row\"> <div  class=\"col-xs-6\" data-type=\"column\">  <h5  class=\"\">Telefon:<\/h5><p  class=\"\">606 558 608<\/p><\/div> <div  class=\"col-xs-6\" data-type=\"column\"><h5  class=\"\">E-mail:<\/h5> <p  class=\"\">julia@juliagogol.pl<\/p><\/div> <div  class=\"col-xs-6\" data-type=\"column\"><h5  class=\"\">Adres do odbioru:<\/h5> <p  class=\"\">Pa\u0144ska 24, <br >05-110 Jablonna<\/p><\/div>  <div  class=\"col-xs-6\" data-type=\"column\">  <p  class=\"lead\"><\/p><a class=\"button blue\" href=\"https:\/\/www.google.com\/maps\/place\/Yuliya+Gogol+T\u0142umacz+Przysi\u0119g\u0142y+j\u0119zyka+ukrai\u0144skiego\/@52.3400362,20.9389087,15.22z\/data=!4m5!3m4!1s0x471ec934a5389687:0xeb9619e2573587b0!8m2!3d52.3385776!4d20.9486649\" target=\"_blank\" data-cp-link=\"1\" rel=\"noopener noreferrer\">Nawiguj<\/a><\/div><\/div><\/div> <div  class=\"col-sm-5 bg-image shadow-large-black revert-classes-holder\" data-bg=\"image\" style=\"background-image: url(&quot;https:\/\/juliagogol.pl\/wp-content\/uploads\/2020\/02\/mapa-1.jpg&quot;);\"><\/div><\/div> <\/div><\/div>","protected":false},"excerpt":{"rendered":"<p>T\u0141UMACZENIE PISEMNE t\u0142umaczenie pisemne r\u00f3\u017cnego rodzaju dokument\u00f3w(akty urodzenia, dyplomy, dokumenty s\u0105dowe) T\u0141UMACZENIA USTNE Jestem z powo\u0142ania t\u0142umaczem ustnym. T\u0142umacz\u0119 ustne pod czas rozm\u00f3w biznesowych, na egzaminach i rozmowach kwalifikacyjnych (te\u017c w urz\u0119dach), w s\u0105dach, w urz\u0119dach stanu cywilnego,u notariusza ale r\u00f3wnie\u017c symultanicznie (na \u017cywo). T\u0141UMACZENIE PO\u015aWIADCZONE Z PODPISEM ELEKTRONICZNYM Ustawa o t\u0142umaczach przysi\u0119g\u0142ych pozwala na&hellip; <br \/> <a class=\"read-more\" href=\"https:\/\/juliagogol.pl\/\">Read more<\/a><\/p>\n","protected":false},"author":1,"featured_media":0,"parent":0,"menu_order":0,"comment_status":"closed","ping_status":"closed","template":"page-templates\/homepage.php","meta":{"footnotes":""},"class_list":["post-6","page","type-page","status-publish","hentry"],"_links":{"self":[{"href":"https:\/\/juliagogol.pl\/index.php\/wp-json\/wp\/v2\/pages\/6"}],"collection":[{"href":"https:\/\/juliagogol.pl\/index.php\/wp-json\/wp\/v2\/pages"}],"about":[{"href":"https:\/\/juliagogol.pl\/index.php\/wp-json\/wp\/v2\/types\/page"}],"author":[{"embeddable":true,"href":"https:\/\/juliagogol.pl\/index.php\/wp-json\/wp\/v2\/users\/1"}],"replies":[{"embeddable":true,"href":"https:\/\/juliagogol.pl\/index.php\/wp-json\/wp\/v2\/comments?post=6"}],"version-history":[{"count":40,"href":"https:\/\/juliagogol.pl\/index.php\/wp-json\/wp\/v2\/pages\/6\/revisions"}],"predecessor-version":[{"id":288,"href":"https:\/\/juliagogol.pl\/index.php\/wp-json\/wp\/v2\/pages\/6\/revisions\/288"}],"wp:attachment":[{"href":"https:\/\/juliagogol.pl\/index.php\/wp-json\/wp\/v2\/media?parent=6"}],"curies":[{"name":"wp","href":"https:\/\/api.w.org\/{rel}","templated":true}]}}